{"id":2112,"date":"2020-03-08T11:27:42","date_gmt":"2020-03-08T09:27:42","guid":{"rendered":"http:\/\/www.vipconsultants.lt\/?page_id=2112"},"modified":"2021-05-21T19:00:03","modified_gmt":"2021-05-21T17:00:03","slug":"sutikimas-del-duomenu-panaudojimo","status":"publish","type":"page","link":"https:\/\/www.vipconsultants.lt\/en\/sutikimas-del-duomenu-panaudojimo\/","title":{"rendered":"Sutikimas"},"content":{"rendered":"<p><span>Mes suvokiame ypating\u0105 svarb\u0105, tenkan\u010di\u0105 J\u016bs\u0173 asmens duomen\u0173 apsaugai, tod\u0117l rinksime ir tvarkysime tik tuos J\u016bs\u0173 duomenis, kurie reikalingi vykdant m\u016bs\u0173 veikl\u0105. Asmens duomenis mes tvarkysime teis\u0117tai, skaidriai ir s\u0105\u017einingai, i\u0161 anksto nustatytais tikslais ir tik tokia apimtimi, kuri reikalinga tikslams pasiekti. Tvarkydami asmens duomenis, sieksime, kad jie b\u016bt\u0173 tiksl\u016bs, saug\u016bs, konfidencial\u016bs, tinkamai laikomi ir saugomi. Mes garantuojame, kad J\u016bs\u0173 asmens duomenys nebus perduodami kitiems asmenims be teis\u0117to pagrindo.<\/span><\/p>\n<p><span>Tvarkydami J\u016bs\u0173 asmens duomenis mes laikysim\u0117s Bendrojo asmens duomen\u0173 apsaugos reglamento, Lietuvos Respublikos asmens duomen\u0173 teisin\u0117s apsaugos \u012fstatymo, taip pat kituose teis\u0117s aktuose nustatyt\u0173 asmens duomen\u0173 tvarkymo reikalavim\u0173.<\/span><\/p>\n<p><strong>Kokiu tikslu mes tvarkysime J\u016bs\u0173 asmens duomenis?<\/strong><\/p>\n<p><span>Mes tvarkysime J\u016bs\u0173 asmens duomenis siekdami \u012fvertinti, ar J\u016bs tinkate tokiam darbui, ir pristatyti Jus savo klientams &#8211; darbdaviams. Tam mes ir m\u016bs\u0173 klientai turime \u012fvertinti, ar J\u016bs\u0173 i\u0161silavinimas, patirtis, asmenin\u0117s ir kitos savyb\u0117s atitinka darbdavio reikalavimus.<\/span><\/p>\n<p><strong>Kokius asmens duomenis mes tvarkysime?<\/strong><\/p>\n<p><span>Siekdami auk\u0161\u010diau \u012fvardint\u0173 tiksl\u0173 mes galime tvarkyti \u0161iuos duomenis: vard\u0105, pavard\u0119, gimimo dat\u0105, gyvenamosios vietos adres\u0105, telefono ry\u0161io numer\u012f, elektroninio pa\u0161to adres\u0105, Linkedin nuorod\u0105, darbin\u0119 patirt\u012f, profesij\u0105, i\u0161silavinim\u0105, asmenines bei kitas savybes, specialiuosius \u012fg\u016bd\u017eius, vertinimo rezultatus, kandidato bendravimo su Vykdytojais ir su U\u017esakovu informacij\u0105,\u00a0 rekomendacijas, atvaizd\u0105.<\/span><\/p>\n<p><strong>I\u0161 kur mes rinksime J\u016bs\u0173 asmens duomenis?<\/strong><\/p>\n<p><span>J\u016bs\u0173 asmens duomenis mes gausime i\u0161 skirting\u0173 \u0161altini\u0173. Da\u017eniausiai\u00a0 \u2013 i\u0161 J\u016bs\u0173 paties(-\u010dios), kai J\u016bs mums pateiksite savo gyvenimo apra\u0161ym\u0105, dalyvausite pokalbiuose su mumis ir Klientu ar bendrausite telefonu, el.pa\u0161tu ar kitomis priemon\u0117mis, atsakin\u0117site \u012f klausimus ir kt.<\/span><\/p>\n<p><span>J\u016bs\u0173 duomenis mes taip pat gausime i\u0161 tre\u010di\u0173j\u0173 asmen\u0173, pvz. J\u016bs\u0173 buvusi\u0173 ar esam\u0173 koleg\u0173, darbdavi\u0173 ar pa\u017e\u012fstam\u0173. \u0160iais b\u016bdais informacija ir duomenis apie Jus mes rinksime tik Jums su tuo sutikus arba Jus i\u0161 anksto apie tai informav\u0119.<\/span><\/p>\n<p><span>J\u016bs\u0173 duomenis mes rinksime ir i\u0161 kit\u0173 \u0161altini\u0173, pvz. m\u016bs\u0173 interneto svetain\u0117s, kit\u0173 interneto svetaini\u0173, socialini\u0173 tinkl\u0173, visuomen\u0117s informavimo priemoni\u0173, duomen\u0173 registr\u0173 ir pan.<\/span><\/p>\n<p><span>Visais b\u016bdais gautus duomenis mes gal\u0117sime apjungti siekdami tur\u0117ti i\u0161sami\u0105 ir teising\u0105 informacij\u0105 apie Jus.<\/span><\/p>\n<p><strong>Kam mes perduosime J\u016bs\u0173 asmens duomenis?<\/strong><\/p>\n<p><span>J\u016bs\u0173 asmens duomenis mes perduosime m\u016bs\u0173 klientams \u2013 darbdaviams. Kartu su mumis jie bus J\u016bs\u0173 asmens duomen\u0173 valdytojai. Klientams mes neperduosime daugiau J\u016bs\u0173 asmens duomen\u0173 nei tvarkysime \u0161io sutikimo pagrindu. Su klientais mes esame sudar\u0119 sutartis, kuriomis abi \u0161alys \u012fsipareigoja saugoti J\u016bs\u0173 asmens duomenis.<\/span><\/p>\n<p><span>Be to, J\u016bs\u0173 asmens duomenis mes gal\u0117sime perduoti kitiems asmenis, kurie mums teikia paslaugas, reikalingas m\u016bs\u0173 veiklai vykdyti, pvz. technini\u0173 paslaug\u0173 ir debes\u0173 kompiuterijos paslaug\u0173 teik\u0117jams.<\/span><\/p>\n<p><strong>Kiek laiko mes tvarkysime J\u016bs\u0173 asmens duomenis?<\/strong><\/p>\n<p><span>J\u016bs\u0173 asmens duomenis mes tvarkysime ne ilgiau nei 3 metus nuo \u0161io sutikimo gavimo dienos. Jei J\u016bs bet kuriuo metu pareik\u0161ite pageidavim\u0105, jog mes nustotume tvarkyti J\u016bs\u0173 asmens duomenis, mes tai padarysime. Visgi archyvavimo ir sutarties su savo klientu vykdymo tikslais mes galime saugoti J\u016bs\u0173 duomenis iki 10 met\u0173 nuo \u0161io sutikimo gavimo dienos.<\/span><\/p>\n<p><strong>Ar mes naudosime J\u016bs\u0173 asmens duomenis tiesioginei rinkodarai?<\/strong><\/p>\n<p><span>Taip, mes naudosime J\u016bs\u0173 asmens duomenis tiesiogin\u0117s rinkodaros tikslu tam, kad pateiktume Jums pasi\u016blymus ir informacij\u0105 apie m\u016bs\u0173, su mumis susijusi\u0173 asmen\u0173 ir partneri\u0173 prekes ir (ar) paslaugas, kurie, m\u016bs\u0173 nuomone, gal\u0117t\u0173 Jus dominti. Vis d\u0117lto, J\u016bs\u0173 asmens duomenis \u0161iam tikslui naudosime tik Jums papildomai su tuo sutikus.<\/span><\/p>\n<p><span>\u0160iuo tikslu mes tvarkysime \u0161iuos J\u016bs\u0173 asmens duomenis: vard\u0105, pavard\u0119, gimimo dat\u0105, gyvenamosios vietos adres\u0105, telefono ry\u0161io numer\u012f, elektroninio pa\u0161to adres\u0105, linkedin nuorod\u0105, darbin\u0119 patirt\u012f, profesij\u0105, i\u0161silavinim\u0105, asmenines bei kitas savybes, specialiuosius \u012fg\u016bd\u017eius, vertinimo rezultatus, kandidato bendravimo su Vykdytojais ir su U\u017esakovu informacij\u0105,\u00a0 rekomendacijas, atvaizd\u0105.<\/span><\/p>\n<p><strong>Duot\u0105 sutikim\u0105, tvarkyti J\u016bs\u0173 asmens duomenis, J\u016bs gal\u0117site bet kada lengvai at\u0161aukti susisiekdami su mumis.<\/strong><\/p>\n<p><strong>Kaip su mumis susisiekti?<\/strong><\/p>\n<p><span>Visais J\u016bs\u0173 asmens duomen\u0173 tvarkymo klausimais galite kreiptis telefonu: +37052335539 ir el.pa\u0161tu: vip@vipconsultants.lt.<\/span><\/p>\n<p><span>\u00a0<\/span><\/p>\n<p><strong>Si\u0173sdami savo gyvenimo apra\u0161ym\u0105, J\u016bs patvirtinate, kad susipa\u017einote su \u0161iomis taisykl\u0117mis ir su jomis sutinkate.<\/strong><\/p>\n<p><strong>Jeigu nesutinkate, kad J\u016bs\u0173 asmens duomenys b\u016bt\u0173 tvarkomi tiesiogin\u0117s rinkodaros tikslais, si\u0173sdami savo gyvenimo apra\u0161ym\u0105, nurodykite, kad norite dalyvauti tik konkre\u010dioje atrankoje.<\/strong><\/p>\n<p><strong>\u00a0<\/strong><\/p>\n<p><span>Sutikimo paskelbimo data 2018 m. gegu\u017e\u0117s 25 d.<\/span><\/p>\n","protected":false},"excerpt":{"rendered":"<p>Mes suvokiame ypating\u0105 svarb\u0105, tenkan\u010di\u0105 J\u016bs\u0173 asmens duomen\u0173 apsaugai, tod\u0117l rinksime ir tvarkysime tik tuos J\u016bs\u0173 duomenis, kurie reikalingi vykdant m\u016bs\u0173 veikl\u0105. Asmens duomenis mes tvarkysime teis\u0117tai, skaidriai ir s\u0105\u017einingai, i\u0161 anksto nustatytais tikslais ir tik tokia apimtimi, kuri reikalinga tikslams pasiekti. Tvarkydami asmens duomenis, sieksime, kad jie b\u016bt\u0173 tiksl\u016bs, saug\u016bs, konfidencial\u016bs, tinkamai laikomi ir [&hellip;]<\/p>\n","protected":false},"author":2,"featured_media":0,"parent":0,"menu_order":0,"comment_status":"closed","ping_status":"closed","template":"","meta":{"inline_featured_image":false,"footnotes":""},"class_list":["post-2112","page","type-page","status-publish","hentry"],"yoast_head":"<!-- This site is optimized with the Yoast SEO plugin v26.8 - https:\/\/yoast.com\/product\/yoast-seo-wordpress\/ -->\n<title>Sutikimas<\/title>\n<meta name=\"description\" content=\"Mes suvokiame ypating\u0105 svarb\u0105, tenkan\u010di\u0105 J\u016bs\u0173 asmens duomen\u0173 apsaugai, tod\u0117l rinksime ir tvarkysime tik tuos J\u016bs\u0173 duomenis, kurie reikalingi vykdant m\u016bs\u0173 veikl\u0105.\" \/>\n<meta name=\"robots\" content=\"index, follow, max-snippet:-1, max-image-preview:large, max-video-preview:-1\" \/>\n<link rel=\"canonical\" href=\"https:\/\/www.vipconsultants.lt\/en\/sutikimas-del-duomenu-panaudojimo\/\" \/>\n<meta property=\"og:locale\" content=\"en_US\" \/>\n<meta property=\"og:locale:alternate\" content=\"lt_LT\" \/>\n<meta property=\"og:type\" content=\"article\" \/>\n<meta property=\"og:title\" content=\"Sutikimas\" \/>\n<meta property=\"og:description\" content=\"Mes suvokiame ypating\u0105 svarb\u0105, tenkan\u010di\u0105 J\u016bs\u0173 asmens duomen\u0173 apsaugai, tod\u0117l rinksime ir tvarkysime tik tuos J\u016bs\u0173 duomenis, kurie reikalingi vykdant m\u016bs\u0173 veikl\u0105.\" \/>\n<meta property=\"og:url\" content=\"https:\/\/www.vipconsultants.lt\/en\/sutikimas-del-duomenu-panaudojimo\/\" \/>\n<meta property=\"og:site_name\" content=\"Verslo investicijos personalui\" \/>\n<meta property=\"article:modified_time\" content=\"2021-05-21T17:00:03+00:00\" \/>\n<meta name=\"twitter:card\" content=\"summary_large_image\" \/>\n<meta name=\"twitter:label1\" content=\"Est. reading time\" \/>\n\t<meta name=\"twitter:data1\" content=\"3 minutes\" \/>\n<!-- \/ Yoast SEO plugin. -->","yoast_head_json":{"title":"Sutikimas","description":"Mes suvokiame ypating\u0105 svarb\u0105, tenkan\u010di\u0105 J\u016bs\u0173 asmens duomen\u0173 apsaugai, tod\u0117l rinksime ir tvarkysime tik tuos J\u016bs\u0173 duomenis, kurie reikalingi vykdant m\u016bs\u0173 veikl\u0105.","robots":{"index":"index","follow":"follow","max-snippet":"max-snippet:-1","max-image-preview":"max-image-preview:large","max-video-preview":"max-video-preview:-1"},"canonical":"https:\/\/www.vipconsultants.lt\/en\/sutikimas-del-duomenu-panaudojimo\/","og_locale":"en_US","og_type":"article","og_title":"[:en]Sutikimas[:lt]Sutikimas[:] - Verslo investicijos personalui","og_description":"Mes suvokiame ypating\u0105 svarb\u0105, tenkan\u010di\u0105 J\u016bs\u0173 asmens duomen\u0173 apsaugai, tod\u0117l rinksime ir tvarkysime tik tuos J\u016bs\u0173 duomenis, kurie reikalingi vykdant m\u016bs\u0173 veikl\u0105.","og_url":"https:\/\/www.vipconsultants.lt\/en\/sutikimas-del-duomenu-panaudojimo\/","og_site_name":"Verslo investicijos personalui","article_modified_time":"2021-05-21T17:00:03+00:00","twitter_card":"summary_large_image","twitter_misc":{"Est. reading time":"3 minutes"},"schema":{"@context":"https:\/\/schema.org","@graph":[{"@type":"WebPage","@id":"https:\/\/www.vipconsultants.lt\/sutikimas-del-duomenu-panaudojimo\/","url":"https:\/\/www.vipconsultants.lt\/sutikimas-del-duomenu-panaudojimo\/","name":"Sutikimas","isPartOf":{"@id":"https:\/\/www.vipconsultants.lt\/#website"},"datePublished":"2020-03-08T09:27:42+00:00","dateModified":"2021-05-21T17:00:03+00:00","description":"Mes suvokiame ypating\u0105 svarb\u0105, tenkan\u010di\u0105 J\u016bs\u0173 asmens duomen\u0173 apsaugai, tod\u0117l rinksime ir tvarkysime tik tuos J\u016bs\u0173 duomenis, kurie reikalingi vykdant m\u016bs\u0173 veikl\u0105.","breadcrumb":{"@id":"https:\/\/www.vipconsultants.lt\/sutikimas-del-duomenu-panaudojimo\/#breadcrumb"},"inLanguage":"en-US","potentialAction":[{"@type":"ReadAction","target":["https:\/\/www.vipconsultants.lt\/sutikimas-del-duomenu-panaudojimo\/"]}]},{"@type":"BreadcrumbList","@id":"https:\/\/www.vipconsultants.lt\/sutikimas-del-duomenu-panaudojimo\/#breadcrumb","itemListElement":[{"@type":"ListItem","position":1,"name":"Home","item":"https:\/\/www.vipconsultants.lt\/"},{"@type":"ListItem","position":2,"name":"Sutikimas"}]},{"@type":"WebSite","@id":"https:\/\/www.vipconsultants.lt\/#website","url":"https:\/\/www.vipconsultants.lt\/","name":"Verslo investicijos personalui","description":"Personalo atranka ir konsultacijos","potentialAction":[{"@type":"SearchAction","target":{"@type":"EntryPoint","urlTemplate":"https:\/\/www.vipconsultants.lt\/?s={search_term_string}"},"query-input":{"@type":"PropertyValueSpecification","valueRequired":true,"valueName":"search_term_string"}}],"inLanguage":"en-US"}]}},"_links":{"self":[{"href":"https:\/\/www.vipconsultants.lt\/en\/wp-json\/wp\/v2\/pages\/2112","targetHints":{"allow":["GET"]}}],"collection":[{"href":"https:\/\/www.vipconsultants.lt\/en\/wp-json\/wp\/v2\/pages"}],"about":[{"href":"https:\/\/www.vipconsultants.lt\/en\/wp-json\/wp\/v2\/types\/page"}],"author":[{"embeddable":true,"href":"https:\/\/www.vipconsultants.lt\/en\/wp-json\/wp\/v2\/users\/2"}],"replies":[{"embeddable":true,"href":"https:\/\/www.vipconsultants.lt\/en\/wp-json\/wp\/v2\/comments?post=2112"}],"version-history":[{"count":4,"href":"https:\/\/www.vipconsultants.lt\/en\/wp-json\/wp\/v2\/pages\/2112\/revisions"}],"predecessor-version":[{"id":2812,"href":"https:\/\/www.vipconsultants.lt\/en\/wp-json\/wp\/v2\/pages\/2112\/revisions\/2812"}],"wp:attachment":[{"href":"https:\/\/www.vipconsultants.lt\/en\/wp-json\/wp\/v2\/media?parent=2112"}],"curies":[{"name":"wp","href":"https:\/\/api.w.org\/{rel}","templated":true}]}}