{"id":1767,"date":"2020-02-16T13:06:14","date_gmt":"2020-02-16T11:06:14","guid":{"rendered":"http:\/\/www.vipconsultants.lt\/?page_id=1767"},"modified":"2022-02-23T14:01:51","modified_gmt":"2022-02-23T12:01:51","slug":"klientai","status":"publish","type":"page","link":"https:\/\/www.vipconsultants.lt\/en\/klientai\/","title":{"rendered":"Clients"},"content":{"rendered":"[vc_row][\/vc_row][vc_column][\/vc_column][gt3_spacing height=&#8221;32px&#8221;][gt3_custom_text text_color=&#8221;&#8221; font_size=&#8221;&#8221; line_height=&#8221;&#8221;]\n<h2 style=\"text-align: center;\">Our services have already been used by these clients<\/h2>\n[\/gt3_custom_text][vc_separator color=&#8221;custom&#8221; border_width=&#8221;2&#8243; el_width=&#8221;85px&#8221; accent_color=&#8221;#e5decc&#8221; css=&#8221;.vc_custom_1526464368595{padding-top: 16px !important;padding-bottom: 22px !important;}&#8221;][gt3_custom_text text_color=&#8221;#272b2e&#8221; font_size=&#8221;22&#8243;][\/gt3_custom_text][vc_row][vc_column width=&#8221;1\/3&#8243;][gt3_spacing height=&#8221;32px&#8221;][gt3_custom_text text_color=&#8221;#272b2e&#8221; font_size=&#8221;18&#8243;]\n<p style=\"text-align: center;\">A1 Alternatyva<\/p>\n<p style=\"text-align: center;\">A Cappella<\/p>\n<p style=\"text-align: center;\">Ad Fingers<\/p>\n<p style=\"text-align: center;\">Ad.net<\/p>\n<p style=\"text-align: center;\">Adell Taivas Ogilvy<\/p>\n<p style=\"text-align: center;\">Advokat\u0173 kontora TGS Baltic<\/p>\n<p style=\"text-align: center;\">Alma littera \u012fmoni\u0173 grup\u0117<\/p>\n<p style=\"text-align: center;\">AON Baltic<\/p>\n<p style=\"text-align: center;\">Arimex<\/p>\n<p style=\"text-align: center;\">Audimas<\/p>\n<p style=\"text-align: center;\">Avon Cosmetics<\/p>\n<p style=\"text-align: center;\">Baltic Auto Parts<\/p>\n<p style=\"text-align: center;\">Balto Link<\/p>\n<p style=\"text-align: center;\">Beola<\/p>\n<p style=\"text-align: center;\">Biseris<\/p>\n<p style=\"text-align: center;\">Bit\u0117 Lietuva<\/p>\n<p style=\"text-align: center;\">Brenntag<\/p>\n<p style=\"text-align: center;\">Carglass<\/p>\n<p style=\"text-align: center;\">Cargo Go Logistics<\/p>\n<p style=\"text-align: center;\">Coface<\/p>\n<p style=\"text-align: center;\">Coffee Inn<\/p>\n<p style=\"text-align: center;\">Cosmopolitan Cosmetics\u00a0Baltics<\/p>\n<p style=\"text-align: center;\">Creditinfo<\/p>\n<p style=\"text-align: center;\">\u010cili \u012fmoni\u0173 grup\u0117<\/p>\n<p style=\"text-align: center;\">Dameda<\/p>\n<p style=\"text-align: center;\">Dao Family Office<\/p>\n<p style=\"text-align: center;\">Dehidra<\/p>\n<p style=\"text-align: center;\">Diamedica<\/p>\n<p style=\"text-align: center;\">Doclogix<\/p>\n<p style=\"text-align: center;\">Dvar\u010dioni\u0173 keramika<\/p>\n<p style=\"text-align: center;\">EBRD, Lietuvos verslo konsultacij\u0173 fondas<\/p>\n<p style=\"text-align: center;\">Elgama Elektronika<\/p>\n<p style=\"text-align: center;\">Endoca<\/p>\n<p style=\"text-align: center;\">Enerty<\/p>\n<p style=\"text-align: center;\">Ergolain grup\u0117<\/p>\n<p style=\"text-align: center;\">Euro RSCG MIA<\/p>\n<p style=\"text-align: center;\">Euroglass Distribution<\/p>\n<p style=\"text-align: center;\">Fabrica<\/p>\n<p style=\"text-align: center;\">Fermentas<\/p>\n<p style=\"text-align: center;\">Finance<\/p>\n<p style=\"text-align: center;\">Fima<\/p>\n<p style=\"text-align: center;\">Forum Palace<\/p>\n[\/gt3_custom_text][\/vc_column][vc_column width=&#8221;1\/3&#8243;][gt3_spacing height=&#8221;32px&#8221;][gt3_custom_text text_color=&#8221;#272b2e&#8221; font_size=&#8221;18&#8243;]\n<p style=\"text-align: center;\">Friskies Nestle<\/p>\n<p style=\"text-align: center;\">Gabija vie\u0161butis<\/p>\n<p style=\"text-align: center;\">Gyproc atstovyb\u0117 Lietuvoje<\/p>\n<p style=\"text-align: center;\">Granorama<\/p>\n<p style=\"text-align: center;\">Gusarovas ir partneriai<\/p>\n<p style=\"text-align: center;\">Gustavsberg<\/p>\n<p style=\"text-align: center;\">Harmony Life<\/p>\n<p style=\"text-align: center;\">Henkel Lietuva<\/p>\n<p style=\"text-align: center;\">IP Vilnius<\/p>\n<p style=\"text-align: center;\">Italiana LT<\/p>\n<p style=\"text-align: center;\">Johnson &#038; Johnson<\/p>\n<p style=\"text-align: center;\">Kardiolita<\/p>\n<p style=\"text-align: center;\">Kauno arena<\/p>\n<p style=\"text-align: center;\">Kazlauskas &#038; Degesys Solvings<\/p>\n<p style=\"text-align: center;\">Keli\u0173 prie\u017ei\u016bra<\/p>\n<p style=\"text-align: center;\">Klaip\u0117dos vanduo<\/p>\n<p style=\"text-align: center;\">Kraiten\u0117<\/p>\n<p style=\"text-align: center;\">Laufen group (JIKA)<\/p>\n<p style=\"text-align: center;\">Leddex<\/p>\n<p style=\"text-align: center;\">Lietuvos auditori\u0173 r\u016bmai<\/p>\n<p style=\"text-align: center;\">Lietuvos draudimas<\/p>\n<p style=\"text-align: center;\">Lietuvos laisvosios rinkos institutas<\/p>\n<p style=\"text-align: center;\">Lietuvos pa\u0161tas<\/p>\n<p style=\"text-align: center;\">Lietuvos spauda (Rautakirja)<\/p>\n<p style=\"text-align: center;\">Litagra<\/p>\n<p style=\"text-align: center;\">Liviko<\/p>\n<p style=\"text-align: center;\">Lukrecijos grup\u0117<\/p>\n<p style=\"text-align: center;\">Makve\u017ea<\/p>\n<p style=\"text-align: center;\">Mandatum Life Insurance Baltic<\/p>\n<p style=\"text-align: center;\">Ma\u017eeiki\u0173 lyra<\/p>\n<p style=\"text-align: center;\">Ma\u017eeiki\u0173 naftos prekybos namai<\/p>\n<p style=\"text-align: center;\">Media Bridge Vilnius<\/p>\n<p style=\"text-align: center;\">Mediaskopas<\/p>\n<p style=\"text-align: center;\">Microlife<\/p>\n<p style=\"text-align: center;\">Mikrovisata Communications<\/p>\n<p style=\"text-align: center;\">Mineraliniai vandenys<\/p>\n<p style=\"text-align: center;\">Minolta Baltia<\/p>\n<p style=\"text-align: center;\">Mobili\u0173j\u0173 telefon\u0173 techninis centras<\/p>\n[\/gt3_custom_text][\/vc_column][vc_column width=&#8221;1\/3&#8243;][gt3_spacing height=&#8221;32px&#8221;][gt3_custom_text text_color=&#8221;#272b2e&#8221; font_size=&#8221;18&#8243;]\n<p style=\"text-align: center;\">Narbutas \u012fmoni\u0173 grup\u0117<\/p>\n<p style=\"text-align: center;\">Nept\u016bno vandenys<\/p>\n<p style=\"text-align: center;\">Nestle<\/p>\n<p style=\"text-align: center;\">NT Valdos<\/p>\n<p style=\"text-align: center;\">Omnitel<\/p>\n<p style=\"text-align: center;\">OneMed<\/p>\n<p style=\"text-align: center;\">PPI Group<\/p>\n<p style=\"text-align: center;\">Pliva<\/p>\n<p style=\"text-align: center;\">Pristis<\/p>\n<p style=\"text-align: center;\">Programavimo paslaug\u0173 centras<\/p>\n<p style=\"text-align: center;\">Radisson Blue Royal Astorija<\/p>\n<p style=\"text-align: center;\">Reval Hotel Lietuva<\/p>\n<p style=\"text-align: center;\">Ryt\u0173 skirstomieji tinklai<\/p>\n<p style=\"text-align: center;\">Ruptela<\/p>\n<p style=\"text-align: center;\">SAN Vilnius<\/p>\n<p style=\"text-align: center;\">Sanforma<\/p>\n<p style=\"text-align: center;\">Sanitas<\/p>\n<p style=\"text-align: center;\">Saugos gidas<\/p>\n<p style=\"text-align: center;\">Sekargas Hamilton<\/p>\n<p style=\"text-align: center;\">Sergel<\/p>\n<p style=\"text-align: center;\">Sorbum Group<\/p>\n<p style=\"text-align: center;\">Statyb\u0173 verslas<\/p>\n<p style=\"text-align: center;\">Staticus<\/p>\n<p style=\"text-align: center;\">\u0160vyturys &#8211; Utenos alus<\/p>\n<p style=\"text-align: center;\">Tamro Medlab<\/p>\n<p style=\"text-align: center;\">Tatura<\/p>\n<p style=\"text-align: center;\">Taurag\u0117s gr\u016bdai<\/p>\n<p style=\"text-align: center;\">Tetraneta<\/p>\n<p style=\"text-align: center;\">Tradedoubler<\/p>\n<p style=\"text-align: center;\">Trojina<\/p>\n<p style=\"text-align: center;\">Tromina<\/p>\n<p style=\"text-align: center;\">Telekomservisas<\/p>\n<p style=\"text-align: center;\">Tex-Color Vilnius<\/p>\n<p style=\"text-align: center;\">TK Development<\/p>\n<p style=\"text-align: center;\">Urbico<\/p>\n<p style=\"text-align: center;\">US Pharmacia<\/p>\n<p style=\"text-align: center;\">Viena s\u0105skaita<\/p>\n<p style=\"text-align: center;\">Vildeta<\/p>\n<p style=\"text-align: center;\">Vildika<\/p>\n<p style=\"text-align: center;\">VRS grup\u0117<\/p>\n<p style=\"text-align: center;\">\u017daliasis ta\u0161kas<\/p>\n<p style=\"text-align: center;\">Wyeth<\/p>\n[\/gt3_custom_text][\/vc_column][\/vc_row]\n","protected":false},"excerpt":{"rendered":"<p>[vc_row][\/vc_row][vc_column][\/vc_column][gt3_spacing height=&#8221;32px&#8221;][gt3_custom_text text_color=&#8221;&#8221; font_size=&#8221;&#8221; line_height=&#8221;&#8221;] Our services have already been used by these clients [\/gt3_custom_text][vc_separator color=&#8221;custom&#8221; border_width=&#8221;2&#8243; el_width=&#8221;85px&#8221; accent_color=&#8221;#e5decc&#8221; css=&#8221;.vc_custom_1526464368595{padding-top: 16px !important;padding-bottom: 22px !important;}&#8221;][gt3_custom_text text_color=&#8221;#272b2e&#8221; font_size=&#8221;22&#8243;][\/gt3_custom_text][vc_row][vc_column width=&#8221;1\/3&#8243;][gt3_spacing height=&#8221;32px&#8221;][gt3_custom_text text_color=&#8221;#272b2e&#8221; font_size=&#8221;18&#8243;] A1 Alternatyva A Cappella Ad Fingers Ad.net Adell Taivas Ogilvy Advokat\u0173 kontora TGS Baltic Alma littera \u012fmoni\u0173 grup\u0117 AON Baltic Arimex Audimas Avon Cosmetics Baltic [&hellip;]<\/p>\n","protected":false},"author":2,"featured_media":0,"parent":0,"menu_order":0,"comment_status":"closed","ping_status":"closed","template":"","meta":{"inline_featured_image":false,"footnotes":""},"class_list":["post-1767","page","type-page","status-publish","hentry"],"yoast_head":"<!-- This site is optimized with the Yoast SEO plugin v26.8 - https:\/\/yoast.com\/product\/yoast-seo-wordpress\/ -->\n<title>Clients<\/title>\n<meta name=\"description\" content=\"Did\u017eiuojam\u0117s tur\u0117dami ilgalaikius klientus bei b\u016bdami rekomenduojami, \u017einomi kaip specialistai, galintys susidoroti su did\u017eiausiais i\u0161\u0161\u016bkiais.\" \/>\n<meta name=\"robots\" content=\"index, follow, max-snippet:-1, max-image-preview:large, max-video-preview:-1\" \/>\n<link rel=\"canonical\" href=\"https:\/\/www.vipconsultants.lt\/en\/klientai\/\" \/>\n<meta property=\"og:locale\" content=\"en_US\" \/>\n<meta property=\"og:locale:alternate\" content=\"lt_LT\" \/>\n<meta property=\"og:type\" content=\"article\" \/>\n<meta property=\"og:title\" content=\"Clients\" \/>\n<meta property=\"og:description\" content=\"Did\u017eiuojam\u0117s tur\u0117dami ilgalaikius klientus bei b\u016bdami rekomenduojami, \u017einomi kaip specialistai, galintys susidoroti su did\u017eiausiais i\u0161\u0161\u016bkiais.\" \/>\n<meta property=\"og:url\" content=\"https:\/\/www.vipconsultants.lt\/en\/klientai\/\" \/>\n<meta property=\"og:site_name\" content=\"Verslo investicijos personalui\" \/>\n<meta property=\"article:modified_time\" content=\"2022-02-23T12:01:51+00:00\" \/>\n<meta name=\"twitter:card\" content=\"summary_large_image\" \/>\n<meta name=\"twitter:label1\" content=\"Est. reading time\" \/>\n\t<meta name=\"twitter:data1\" content=\"2 minutes\" \/>\n<!-- \/ Yoast SEO plugin. -->","yoast_head_json":{"title":"Clients","description":"Did\u017eiuojam\u0117s tur\u0117dami ilgalaikius klientus bei b\u016bdami rekomenduojami, \u017einomi kaip specialistai, galintys susidoroti su did\u017eiausiais i\u0161\u0161\u016bkiais.","robots":{"index":"index","follow":"follow","max-snippet":"max-snippet:-1","max-image-preview":"max-image-preview:large","max-video-preview":"max-video-preview:-1"},"canonical":"https:\/\/www.vipconsultants.lt\/en\/klientai\/","og_locale":"en_US","og_type":"article","og_title":"[:en]Clients[:lt]Klientai[:] - Verslo investicijos personalui","og_description":"Did\u017eiuojam\u0117s tur\u0117dami ilgalaikius klientus bei b\u016bdami rekomenduojami, \u017einomi kaip specialistai, galintys susidoroti su did\u017eiausiais i\u0161\u0161\u016bkiais.","og_url":"https:\/\/www.vipconsultants.lt\/en\/klientai\/","og_site_name":"Verslo investicijos personalui","article_modified_time":"2022-02-23T12:01:51+00:00","twitter_card":"summary_large_image","twitter_misc":{"Est. reading time":"2 minutes"},"schema":{"@context":"https:\/\/schema.org","@graph":[{"@type":"WebPage","@id":"https:\/\/www.vipconsultants.lt\/klientai\/","url":"https:\/\/www.vipconsultants.lt\/klientai\/","name":"Clients","isPartOf":{"@id":"https:\/\/www.vipconsultants.lt\/#website"},"datePublished":"2020-02-16T11:06:14+00:00","dateModified":"2022-02-23T12:01:51+00:00","description":"Did\u017eiuojam\u0117s tur\u0117dami ilgalaikius klientus bei b\u016bdami rekomenduojami, \u017einomi kaip specialistai, galintys susidoroti su did\u017eiausiais i\u0161\u0161\u016bkiais.","breadcrumb":{"@id":"https:\/\/www.vipconsultants.lt\/klientai\/#breadcrumb"},"inLanguage":"en-US","potentialAction":[{"@type":"ReadAction","target":["https:\/\/www.vipconsultants.lt\/klientai\/"]}]},{"@type":"BreadcrumbList","@id":"https:\/\/www.vipconsultants.lt\/klientai\/#breadcrumb","itemListElement":[{"@type":"ListItem","position":1,"name":"Home","item":"https:\/\/www.vipconsultants.lt\/"},{"@type":"ListItem","position":2,"name":"Klientai"}]},{"@type":"WebSite","@id":"https:\/\/www.vipconsultants.lt\/#website","url":"https:\/\/www.vipconsultants.lt\/","name":"Verslo investicijos personalui","description":"Personalo atranka ir konsultacijos","potentialAction":[{"@type":"SearchAction","target":{"@type":"EntryPoint","urlTemplate":"https:\/\/www.vipconsultants.lt\/?s={search_term_string}"},"query-input":{"@type":"PropertyValueSpecification","valueRequired":true,"valueName":"search_term_string"}}],"inLanguage":"en-US"}]}},"_links":{"self":[{"href":"https:\/\/www.vipconsultants.lt\/en\/wp-json\/wp\/v2\/pages\/1767","targetHints":{"allow":["GET"]}}],"collection":[{"href":"https:\/\/www.vipconsultants.lt\/en\/wp-json\/wp\/v2\/pages"}],"about":[{"href":"https:\/\/www.vipconsultants.lt\/en\/wp-json\/wp\/v2\/types\/page"}],"author":[{"embeddable":true,"href":"https:\/\/www.vipconsultants.lt\/en\/wp-json\/wp\/v2\/users\/2"}],"replies":[{"embeddable":true,"href":"https:\/\/www.vipconsultants.lt\/en\/wp-json\/wp\/v2\/comments?post=1767"}],"version-history":[{"count":17,"href":"https:\/\/www.vipconsultants.lt\/en\/wp-json\/wp\/v2\/pages\/1767\/revisions"}],"predecessor-version":[{"id":1848,"href":"https:\/\/www.vipconsultants.lt\/en\/wp-json\/wp\/v2\/pages\/1767\/revisions\/1848"}],"wp:attachment":[{"href":"https:\/\/www.vipconsultants.lt\/en\/wp-json\/wp\/v2\/media?parent=1767"}],"curies":[{"name":"wp","href":"https:\/\/api.w.org\/{rel}","templated":true}]}}